{"id":2211,"date":"2021-11-25T18:06:52","date_gmt":"2021-11-25T18:06:52","guid":{"rendered":"https:\/\/www.globaltraducciones.com.pe\/?page_id=2211"},"modified":"2021-12-09T15:16:35","modified_gmt":"2021-12-09T15:16:35","slug":"consecutiva","status":"publish","type":"page","link":"https:\/\/www.globaltraducciones.com.pe\/en\/consecutiva\/","title":{"rendered":"consecutiva"},"content":{"rendered":"<div data-elementor-type=\"wp-page\" data-elementor-id=\"2211\" class=\"elementor elementor-2211\">\n\t\t\t\t\t\t\t\t\t<section class=\"elementor-section elementor-top-section elementor-element elementor-element-7b04dc1 elementor-section-content-middle elementor-section-boxed elementor-section-height-default elementor-section-height-default\" data-id=\"7b04dc1\" data-element_type=\"section\" data-settings=\"{&quot;background_background&quot;:&quot;classic&quot;,&quot;jet_parallax_layout_list&quot;:[{&quot;_id&quot;:&quot;b83fe64&quot;,&quot;jet_parallax_layout_image&quot;:{&quot;url&quot;:&quot;&quot;,&quot;id&quot;:&quot;&quot;},&quot;jet_parallax_layout_image_tablet&quot;:{&quot;url&quot;:&quot;&quot;,&quot;id&quot;:&quot;&quot;},&quot;jet_parallax_layout_image_mobile&quot;:{&quot;url&quot;:&quot;&quot;,&quot;id&quot;:&quot;&quot;},&quot;jet_parallax_layout_speed&quot;:{&quot;unit&quot;:&quot;%&quot;,&quot;size&quot;:50,&quot;sizes&quot;:[]},&quot;jet_parallax_layout_type&quot;:&quot;scroll&quot;,&quot;jet_parallax_layout_direction&quot;:null,&quot;jet_parallax_layout_fx_direction&quot;:null,&quot;jet_parallax_layout_z_index&quot;:&quot;&quot;,&quot;jet_parallax_layout_bg_x&quot;:50,&quot;jet_parallax_layout_bg_x_tablet&quot;:&quot;&quot;,&quot;jet_parallax_layout_bg_x_mobile&quot;:&quot;&quot;,&quot;jet_parallax_layout_bg_y&quot;:50,&quot;jet_parallax_layout_bg_y_tablet&quot;:&quot;&quot;,&quot;jet_parallax_layout_bg_y_mobile&quot;:&quot;&quot;,&quot;jet_parallax_layout_bg_size&quot;:&quot;auto&quot;,&quot;jet_parallax_layout_bg_size_tablet&quot;:&quot;&quot;,&quot;jet_parallax_layout_bg_size_mobile&quot;:&quot;&quot;,&quot;jet_parallax_layout_animation_prop&quot;:&quot;transform&quot;,&quot;jet_parallax_layout_on&quot;:[&quot;desktop&quot;,&quot;tablet&quot;]}]}\">\n\t\t\t\t\t\t\t<div class=\"elementor-background-overlay\"><\/div>\n\t\t\t\t\t\t\t<div class=\"elementor-container elementor-column-gap-no\">\n\t\t\t\t\t<div class=\"elementor-column elementor-col-50 elementor-top-column elementor-element elementor-element-a219e70\" data-id=\"a219e70\" data-element_type=\"column\">\n\t\t\t<div class=\"elementor-widget-wrap elementor-element-populated\">\n\t\t\t\t\t\t\t\t<div class=\"elementor-element elementor-element-2ec241e elementor-widget elementor-widget-heading\" data-id=\"2ec241e\" data-element_type=\"widget\" data-widget_type=\"heading.default\">\n\t\t\t\t<div class=\"elementor-widget-container\">\n\t\t\t<style>\/*! elementor - v3.10.2 - 29-01-2023 *\/\n.elementor-heading-title{padding:0;margin:0;line-height:1}.elementor-widget-heading .elementor-heading-title[class*=elementor-size-]>a{color:inherit;font-size:inherit;line-height:inherit}.elementor-widget-heading .elementor-heading-title.elementor-size-small{font-size:15px}.elementor-widget-heading .elementor-heading-title.elementor-size-medium{font-size:19px}.elementor-widget-heading .elementor-heading-title.elementor-size-large{font-size:29px}.elementor-widget-heading .elementor-heading-title.elementor-size-xl{font-size:39px}.elementor-widget-heading .elementor-heading-title.elementor-size-xxl{font-size:59px}<\/style><h2 class=\"elementor-heading-title elementor-size-default\">CONSECUTIVE INTERPRETATION<\/h2>\t\t<\/div>\n\t\t\t\t<\/div>\n\t\t\t\t<div class=\"elementor-element elementor-element-e8935cc elementor-widget elementor-widget-text-editor\" data-id=\"e8935cc\" data-element_type=\"widget\" data-widget_type=\"text-editor.default\">\n\t\t\t\t<div class=\"elementor-widget-container\">\n\t\t\t<style>\/*! elementor - v3.10.2 - 29-01-2023 *\/\n.elementor-widget-text-editor.elementor-drop-cap-view-stacked .elementor-drop-cap{background-color:#818a91;color:#fff}.elementor-widget-text-editor.elementor-drop-cap-view-framed .elementor-drop-cap{color:#818a91;border:3px solid;background-color:transparent}.elementor-widget-text-editor:not(.elementor-drop-cap-view-default) .elementor-drop-cap{margin-top:8px}.elementor-widget-text-editor:not(.elementor-drop-cap-view-default) .elementor-drop-cap-letter{width:1em;height:1em}.elementor-widget-text-editor .elementor-drop-cap{float:left;text-align:center;line-height:1;font-size:50px}.elementor-widget-text-editor .elementor-drop-cap-letter{display:inline-block}<\/style>\t\t\t\t<p>This is where the speaker makes short pauses in his conversation, allowing the interpreter to translate fragment by fragment. It is used in situations where audio equipment is not available.<\/p>\t\t\t\t\t\t<\/div>\n\t\t\t\t<\/div>\n\t\t\t\t\t<\/div>\n\t\t<\/div>\n\t\t\t\t<div class=\"elementor-column elementor-col-50 elementor-top-column elementor-element elementor-element-aaadb2d\" data-id=\"aaadb2d\" data-element_type=\"column\">\n\t\t\t<div class=\"elementor-widget-wrap elementor-element-populated\">\n\t\t\t\t\t\t\t\t<div class=\"elementor-element elementor-element-3ced40f elementor-widget elementor-widget-image\" data-id=\"3ced40f\" data-element_type=\"widget\" data-widget_type=\"image.default\">\n\t\t\t\t<div class=\"elementor-widget-container\">\n\t\t\t<style>\/*! elementor - v3.10.2 - 29-01-2023 *\/\n.elementor-widget-image{text-align:center}.elementor-widget-image a{display:inline-block}.elementor-widget-image a img[src$=\".svg\"]{width:48px}.elementor-widget-image img{vertical-align:middle;display:inline-block}<\/style>\t\t\t\t\t\t\t\t\t\t\t\t<img loading=\"lazy\" decoding=\"async\" width=\"4217\" height=\"2855\" src=\"https:\/\/www.globaltraducciones.com.pe\/wp-content\/uploads\/2021\/11\/mision-01-768x520-1.png\" class=\"attachment-full size-full wp-image-2207\" alt=\"\" srcset=\"https:\/\/www.globaltraducciones.com.pe\/wp-content\/uploads\/2021\/11\/mision-01-768x520-1.png 4217w, https:\/\/www.globaltraducciones.com.pe\/wp-content\/uploads\/2021\/11\/mision-01-768x520-1-300x203.png 300w, https:\/\/www.globaltraducciones.com.pe\/wp-content\/uploads\/2021\/11\/mision-01-768x520-1-1024x693.png 1024w, https:\/\/www.globaltraducciones.com.pe\/wp-content\/uploads\/2021\/11\/mision-01-768x520-1-768x520.png 768w, https:\/\/www.globaltraducciones.com.pe\/wp-content\/uploads\/2021\/11\/mision-01-768x520-1-1536x1040.png 1536w, https:\/\/www.globaltraducciones.com.pe\/wp-content\/uploads\/2021\/11\/mision-01-768x520-1-2048x1387.png 2048w\" sizes=\"(max-width: 4217px) 100vw, 4217px\" \/>\t\t\t\t\t\t\t\t\t\t\t\t\t\t\t<\/div>\n\t\t\t\t<\/div>\n\t\t\t\t\t<\/div>\n\t\t<\/div>\n\t\t\t\t\t\t\t<\/div>\n\t\t<\/section>\n\t\t\t\t\t\t\t<\/div>","protected":false},"excerpt":{"rendered":"<p>INTERPRETACI\u00d3N CONSECUTIVA Es aquella donde el orador realiza breves pausas en su conversaci\u00f3n, permitiendo al int\u00e9rprete traducir fragmento a fragmento. Se utiliza en situaciones donde no hay disponibilidad de equipos de audio.<\/p>","protected":false},"author":1,"featured_media":0,"parent":0,"menu_order":0,"comment_status":"closed","ping_status":"closed","template":"","meta":{"site-sidebar-layout":"no-sidebar","site-content-layout":"page-builder","ast-global-header-display":"","ast-main-header-display":"","ast-hfb-above-header-display":"","ast-hfb-below-header-display":"","ast-hfb-mobile-header-display":"","site-post-title":"disabled","ast-breadcrumbs-content":"","ast-featured-img":"disabled","footer-sml-layout":"","theme-transparent-header-meta":"","adv-header-id-meta":"","stick-header-meta":"","header-above-stick-meta":"","header-main-stick-meta":"","header-below-stick-meta":"","_joinchat":[],"footnotes":""},"yoast_head":"<!-- This site is optimized with the Yoast SEO plugin v24.5 - https:\/\/yoast.com\/wordpress\/plugins\/seo\/ -->\n<title>consecutiva - Global Translation<\/title>\n<meta name=\"robots\" content=\"index, follow, max-snippet:-1, max-image-preview:large, max-video-preview:-1\" \/>\n<link rel=\"canonical\" href=\"https:\/\/www.globaltraducciones.com.pe\/en\/consecutiva\/\" \/>\n<meta property=\"og:locale\" content=\"en_US\" \/>\n<meta property=\"og:type\" content=\"article\" \/>\n<meta property=\"og:title\" content=\"consecutiva - Global Translation\" \/>\n<meta property=\"og:description\" content=\"INTERPRETACI\u00d3N CONSECUTIVA Es aquella donde el orador realiza breves pausas en su conversaci\u00f3n, permitiendo al int\u00e9rprete traducir fragmento a fragmento. Se utiliza en situaciones donde no hay disponibilidad de equipos de audio.\" \/>\n<meta property=\"og:url\" content=\"https:\/\/www.globaltraducciones.com.pe\/en\/consecutiva\/\" \/>\n<meta property=\"og:site_name\" content=\"Global Translation\" \/>\n<meta property=\"article:modified_time\" content=\"2021-12-09T15:16:35+00:00\" \/>\n<meta property=\"og:image\" content=\"https:\/\/www.globaltraducciones.com.pe\/wp-content\/uploads\/2021\/11\/mision-01-768x520-1.png\" \/>\n<meta name=\"twitter:card\" content=\"summary_large_image\" \/>\n<script type=\"application\/ld+json\" class=\"yoast-schema-graph\">{\"@context\":\"https:\/\/schema.org\",\"@graph\":[{\"@type\":\"WebPage\",\"@id\":\"https:\/\/www.globaltraducciones.com.pe\/en\/consecutiva\/\",\"url\":\"https:\/\/www.globaltraducciones.com.pe\/en\/consecutiva\/\",\"name\":\"consecutiva - Global Translation\",\"isPartOf\":{\"@id\":\"https:\/\/www.globaltraducciones.com.pe\/#website\"},\"primaryImageOfPage\":{\"@id\":\"https:\/\/www.globaltraducciones.com.pe\/en\/consecutiva\/#primaryimage\"},\"image\":{\"@id\":\"https:\/\/www.globaltraducciones.com.pe\/en\/consecutiva\/#primaryimage\"},\"thumbnailUrl\":\"https:\/\/www.globaltraducciones.com.pe\/wp-content\/uploads\/2021\/11\/mision-01-768x520-1.png\",\"datePublished\":\"2021-11-25T18:06:52+00:00\",\"dateModified\":\"2021-12-09T15:16:35+00:00\",\"breadcrumb\":{\"@id\":\"https:\/\/www.globaltraducciones.com.pe\/en\/consecutiva\/#breadcrumb\"},\"inLanguage\":\"en-US\",\"potentialAction\":[{\"@type\":\"ReadAction\",\"target\":[\"https:\/\/www.globaltraducciones.com.pe\/en\/consecutiva\/\"]}]},{\"@type\":\"ImageObject\",\"inLanguage\":\"en-US\",\"@id\":\"https:\/\/www.globaltraducciones.com.pe\/en\/consecutiva\/#primaryimage\",\"url\":\"https:\/\/www.globaltraducciones.com.pe\/wp-content\/uploads\/2021\/11\/mision-01-768x520-1.png\",\"contentUrl\":\"https:\/\/www.globaltraducciones.com.pe\/wp-content\/uploads\/2021\/11\/mision-01-768x520-1.png\"},{\"@type\":\"BreadcrumbList\",\"@id\":\"https:\/\/www.globaltraducciones.com.pe\/en\/consecutiva\/#breadcrumb\",\"itemListElement\":[{\"@type\":\"ListItem\",\"position\":1,\"name\":\"Portada\",\"item\":\"https:\/\/www.globaltraducciones.com.pe\/\"},{\"@type\":\"ListItem\",\"position\":2,\"name\":\"consecutiva\"}]},{\"@type\":\"WebSite\",\"@id\":\"https:\/\/www.globaltraducciones.com.pe\/#website\",\"url\":\"https:\/\/www.globaltraducciones.com.pe\/\",\"name\":\"Global Translation\",\"description\":\"Traducciones Certificadas en Lima\",\"potentialAction\":[{\"@type\":\"SearchAction\",\"target\":{\"@type\":\"EntryPoint\",\"urlTemplate\":\"https:\/\/www.globaltraducciones.com.pe\/?s={search_term_string}\"},\"query-input\":{\"@type\":\"PropertyValueSpecification\",\"valueRequired\":true,\"valueName\":\"search_term_string\"}}],\"inLanguage\":\"en-US\"}]}<\/script>\n<!-- \/ Yoast SEO plugin. -->","yoast_head_json":{"title":"consecutiva - Global Translation","robots":{"index":"index","follow":"follow","max-snippet":"max-snippet:-1","max-image-preview":"max-image-preview:large","max-video-preview":"max-video-preview:-1"},"canonical":"https:\/\/www.globaltraducciones.com.pe\/en\/consecutiva\/","og_locale":"en_US","og_type":"article","og_title":"consecutiva - Global Translation","og_description":"INTERPRETACI\u00d3N CONSECUTIVA Es aquella donde el orador realiza breves pausas en su conversaci\u00f3n, permitiendo al int\u00e9rprete traducir fragmento a fragmento. Se utiliza en situaciones donde no hay disponibilidad de equipos de audio.","og_url":"https:\/\/www.globaltraducciones.com.pe\/en\/consecutiva\/","og_site_name":"Global Translation","article_modified_time":"2021-12-09T15:16:35+00:00","og_image":[{"url":"https:\/\/www.globaltraducciones.com.pe\/wp-content\/uploads\/2021\/11\/mision-01-768x520-1.png","type":"","width":"","height":""}],"twitter_card":"summary_large_image","schema":{"@context":"https:\/\/schema.org","@graph":[{"@type":"WebPage","@id":"https:\/\/www.globaltraducciones.com.pe\/en\/consecutiva\/","url":"https:\/\/www.globaltraducciones.com.pe\/en\/consecutiva\/","name":"consecutiva - Global Translation","isPartOf":{"@id":"https:\/\/www.globaltraducciones.com.pe\/#website"},"primaryImageOfPage":{"@id":"https:\/\/www.globaltraducciones.com.pe\/en\/consecutiva\/#primaryimage"},"image":{"@id":"https:\/\/www.globaltraducciones.com.pe\/en\/consecutiva\/#primaryimage"},"thumbnailUrl":"https:\/\/www.globaltraducciones.com.pe\/wp-content\/uploads\/2021\/11\/mision-01-768x520-1.png","datePublished":"2021-11-25T18:06:52+00:00","dateModified":"2021-12-09T15:16:35+00:00","breadcrumb":{"@id":"https:\/\/www.globaltraducciones.com.pe\/en\/consecutiva\/#breadcrumb"},"inLanguage":"en-US","potentialAction":[{"@type":"ReadAction","target":["https:\/\/www.globaltraducciones.com.pe\/en\/consecutiva\/"]}]},{"@type":"ImageObject","inLanguage":"en-US","@id":"https:\/\/www.globaltraducciones.com.pe\/en\/consecutiva\/#primaryimage","url":"https:\/\/www.globaltraducciones.com.pe\/wp-content\/uploads\/2021\/11\/mision-01-768x520-1.png","contentUrl":"https:\/\/www.globaltraducciones.com.pe\/wp-content\/uploads\/2021\/11\/mision-01-768x520-1.png"},{"@type":"BreadcrumbList","@id":"https:\/\/www.globaltraducciones.com.pe\/en\/consecutiva\/#breadcrumb","itemListElement":[{"@type":"ListItem","position":1,"name":"Portada","item":"https:\/\/www.globaltraducciones.com.pe\/"},{"@type":"ListItem","position":2,"name":"consecutiva"}]},{"@type":"WebSite","@id":"https:\/\/www.globaltraducciones.com.pe\/#website","url":"https:\/\/www.globaltraducciones.com.pe\/","name":"Global Translation","description":"Traducciones Certificadas en Lima","potentialAction":[{"@type":"SearchAction","target":{"@type":"EntryPoint","urlTemplate":"https:\/\/www.globaltraducciones.com.pe\/?s={search_term_string}"},"query-input":{"@type":"PropertyValueSpecification","valueRequired":true,"valueName":"search_term_string"}}],"inLanguage":"en-US"}]}},"_links":{"self":[{"href":"https:\/\/www.globaltraducciones.com.pe\/en\/wp-json\/wp\/v2\/pages\/2211"}],"collection":[{"href":"https:\/\/www.globaltraducciones.com.pe\/en\/wp-json\/wp\/v2\/pages"}],"about":[{"href":"https:\/\/www.globaltraducciones.com.pe\/en\/wp-json\/wp\/v2\/types\/page"}],"author":[{"embeddable":true,"href":"https:\/\/www.globaltraducciones.com.pe\/en\/wp-json\/wp\/v2\/users\/1"}],"replies":[{"embeddable":true,"href":"https:\/\/www.globaltraducciones.com.pe\/en\/wp-json\/wp\/v2\/comments?post=2211"}],"version-history":[{"count":7,"href":"https:\/\/www.globaltraducciones.com.pe\/en\/wp-json\/wp\/v2\/pages\/2211\/revisions"}],"predecessor-version":[{"id":2572,"href":"https:\/\/www.globaltraducciones.com.pe\/en\/wp-json\/wp\/v2\/pages\/2211\/revisions\/2572"}],"wp:attachment":[{"href":"https:\/\/www.globaltraducciones.com.pe\/en\/wp-json\/wp\/v2\/media?parent=2211"}],"curies":[{"name":"wp","href":"https:\/\/api.w.org\/{rel}","templated":true}]}}