{"id":2232,"date":"2021-11-25T18:41:10","date_gmt":"2021-11-25T18:41:10","guid":{"rendered":"https:\/\/www.globaltraducciones.com.pe\/?page_id=2232"},"modified":"2021-11-25T18:43:16","modified_gmt":"2021-11-25T18:43:16","slug":"clases-de-espanol-a-extranjeros","status":"publish","type":"page","link":"https:\/\/www.globaltraducciones.com.pe\/en\/clases-de-espanol-a-extranjeros\/","title":{"rendered":"Spanish classes for foreigners"},"content":{"rendered":"<div data-elementor-type=\"wp-page\" data-elementor-id=\"2232\" class=\"elementor elementor-2232\">\n\t\t\t\t\t\t\t\t\t<section class=\"elementor-section elementor-top-section elementor-element elementor-element-107f36e elementor-section-content-middle elementor-section-boxed elementor-section-height-default elementor-section-height-default\" data-id=\"107f36e\" data-element_type=\"section\" data-settings=\"{&quot;background_background&quot;:&quot;classic&quot;,&quot;jet_parallax_layout_list&quot;:[{&quot;_id&quot;:&quot;b83fe64&quot;,&quot;jet_parallax_layout_image&quot;:{&quot;url&quot;:&quot;&quot;,&quot;id&quot;:&quot;&quot;},&quot;jet_parallax_layout_image_tablet&quot;:{&quot;url&quot;:&quot;&quot;,&quot;id&quot;:&quot;&quot;},&quot;jet_parallax_layout_image_mobile&quot;:{&quot;url&quot;:&quot;&quot;,&quot;id&quot;:&quot;&quot;},&quot;jet_parallax_layout_speed&quot;:{&quot;unit&quot;:&quot;%&quot;,&quot;size&quot;:50,&quot;sizes&quot;:[]},&quot;jet_parallax_layout_type&quot;:&quot;scroll&quot;,&quot;jet_parallax_layout_direction&quot;:null,&quot;jet_parallax_layout_fx_direction&quot;:null,&quot;jet_parallax_layout_z_index&quot;:&quot;&quot;,&quot;jet_parallax_layout_bg_x&quot;:50,&quot;jet_parallax_layout_bg_x_tablet&quot;:&quot;&quot;,&quot;jet_parallax_layout_bg_x_mobile&quot;:&quot;&quot;,&quot;jet_parallax_layout_bg_y&quot;:50,&quot;jet_parallax_layout_bg_y_tablet&quot;:&quot;&quot;,&quot;jet_parallax_layout_bg_y_mobile&quot;:&quot;&quot;,&quot;jet_parallax_layout_bg_size&quot;:&quot;auto&quot;,&quot;jet_parallax_layout_bg_size_tablet&quot;:&quot;&quot;,&quot;jet_parallax_layout_bg_size_mobile&quot;:&quot;&quot;,&quot;jet_parallax_layout_animation_prop&quot;:&quot;transform&quot;,&quot;jet_parallax_layout_on&quot;:[&quot;desktop&quot;,&quot;tablet&quot;]}]}\">\n\t\t\t\t\t\t\t<div class=\"elementor-background-overlay\"><\/div>\n\t\t\t\t\t\t\t<div class=\"elementor-container elementor-column-gap-no\">\n\t\t\t\t\t<div class=\"elementor-column elementor-col-50 elementor-top-column elementor-element elementor-element-e3d4e3b\" data-id=\"e3d4e3b\" data-element_type=\"column\">\n\t\t\t<div class=\"elementor-widget-wrap elementor-element-populated\">\n\t\t\t\t\t\t\t\t<div class=\"elementor-element elementor-element-d3d5c23 elementor-widget elementor-widget-image\" data-id=\"d3d5c23\" data-element_type=\"widget\" data-widget_type=\"image.default\">\n\t\t\t\t<div class=\"elementor-widget-container\">\n\t\t\t<style>\/*! elementor - v3.10.2 - 29-01-2023 *\/\n.elementor-widget-image{text-align:center}.elementor-widget-image a{display:inline-block}.elementor-widget-image a img[src$=\".svg\"]{width:48px}.elementor-widget-image img{vertical-align:middle;display:inline-block}<\/style>\t\t\t\t\t\t\t\t\t\t\t\t<img loading=\"lazy\" decoding=\"async\" width=\"351\" height=\"550\" src=\"https:\/\/www.globaltraducciones.com.pe\/wp-content\/uploads\/2021\/11\/img01.png\" class=\"attachment-full size-full wp-image-2235\" alt=\"\" srcset=\"https:\/\/www.globaltraducciones.com.pe\/wp-content\/uploads\/2021\/11\/img01.png 351w, https:\/\/www.globaltraducciones.com.pe\/wp-content\/uploads\/2021\/11\/img01-191x300.png 191w\" sizes=\"(max-width: 351px) 100vw, 351px\" \/>\t\t\t\t\t\t\t\t\t\t\t\t\t\t\t<\/div>\n\t\t\t\t<\/div>\n\t\t\t\t\t<\/div>\n\t\t<\/div>\n\t\t\t\t<div class=\"elementor-column elementor-col-50 elementor-top-column elementor-element elementor-element-233f40c\" data-id=\"233f40c\" data-element_type=\"column\">\n\t\t\t<div class=\"elementor-widget-wrap elementor-element-populated\">\n\t\t\t\t\t\t\t\t<div class=\"elementor-element elementor-element-12d7164 elementor-widget elementor-widget-heading\" data-id=\"12d7164\" data-element_type=\"widget\" data-widget_type=\"heading.default\">\n\t\t\t\t<div class=\"elementor-widget-container\">\n\t\t\t<style>\/*! elementor - v3.10.2 - 29-01-2023 *\/\n.elementor-heading-title{padding:0;margin:0;line-height:1}.elementor-widget-heading .elementor-heading-title[class*=elementor-size-]>a{color:inherit;font-size:inherit;line-height:inherit}.elementor-widget-heading .elementor-heading-title.elementor-size-small{font-size:15px}.elementor-widget-heading .elementor-heading-title.elementor-size-medium{font-size:19px}.elementor-widget-heading .elementor-heading-title.elementor-size-large{font-size:29px}.elementor-widget-heading .elementor-heading-title.elementor-size-xl{font-size:39px}.elementor-widget-heading .elementor-heading-title.elementor-size-xxl{font-size:59px}<\/style><h2 class=\"elementor-heading-title elementor-size-default\">SPANISH CLASSES FOR FOREIGNERS\n<\/h2>\t\t<\/div>\n\t\t\t\t<\/div>\n\t\t\t\t<div class=\"elementor-element elementor-element-29815a3 elementor-widget elementor-widget-text-editor\" data-id=\"29815a3\" data-element_type=\"widget\" data-widget_type=\"text-editor.default\">\n\t\t\t\t<div class=\"elementor-widget-container\">\n\t\t\t<style>\/*! elementor - v3.10.2 - 29-01-2023 *\/\n.elementor-widget-text-editor.elementor-drop-cap-view-stacked .elementor-drop-cap{background-color:#818a91;color:#fff}.elementor-widget-text-editor.elementor-drop-cap-view-framed .elementor-drop-cap{color:#818a91;border:3px solid;background-color:transparent}.elementor-widget-text-editor:not(.elementor-drop-cap-view-default) .elementor-drop-cap{margin-top:8px}.elementor-widget-text-editor:not(.elementor-drop-cap-view-default) .elementor-drop-cap-letter{width:1em;height:1em}.elementor-widget-text-editor .elementor-drop-cap{float:left;text-align:center;line-height:1;font-size:50px}.elementor-widget-text-editor .elementor-drop-cap-letter{display:inline-block}<\/style>\t\t\t\t<p>Global Translation offers a personalized service at home or at your company's facilities to teach Spanish to foreigners in order for you to master the language and perform competitively in the job market.<\/p><p>The courses are taught by highly qualified teachers. You can schedule your classes according to the schedule, frequency and intensity you wish.<\/p><p>You will be required to take a proficiency exam.<\/p>\t\t\t\t\t\t<\/div>\n\t\t\t\t<\/div>\n\t\t\t\t\t<\/div>\n\t\t<\/div>\n\t\t\t\t\t\t\t<\/div>\n\t\t<\/section>\n\t\t\t\t\t\t\t<\/div>","protected":false},"excerpt":{"rendered":"<p>CLASES DE ESPA\u00d1OL A EXTRANJEROS Global Translation ofrece un servicio personalizado a domicilio o desde las instalaciones de su empresa de ense\u00f1anza de espa\u00f1ol a extranjeros a fin de que domine el idioma y desempe\u00f1arse competitivamente en el campo laboral. Los cursos son dictados por profesores altamente capacitados. Usted puede programar sus clases seg\u00fan el &hellip;<\/p>\n<p class=\"read-more\"> <a class=\"\" href=\"https:\/\/www.globaltraducciones.com.pe\/en\/clases-de-espanol-a-extranjeros\/\"> <span class=\"screen-reader-text\">Spanish classes for foreigners<\/span> Read More &raquo;<\/a><\/p>","protected":false},"author":1,"featured_media":0,"parent":0,"menu_order":0,"comment_status":"closed","ping_status":"closed","template":"","meta":{"site-sidebar-layout":"no-sidebar","site-content-layout":"page-builder","ast-global-header-display":"","ast-main-header-display":"","ast-hfb-above-header-display":"","ast-hfb-below-header-display":"","ast-hfb-mobile-header-display":"","site-post-title":"disabled","ast-breadcrumbs-content":"","ast-featured-img":"disabled","footer-sml-layout":"","theme-transparent-header-meta":"","adv-header-id-meta":"","stick-header-meta":"","header-above-stick-meta":"","header-main-stick-meta":"","header-below-stick-meta":"","_joinchat":[],"footnotes":""},"yoast_head":"<!-- This site is optimized with the Yoast SEO plugin v24.5 - https:\/\/yoast.com\/wordpress\/plugins\/seo\/ -->\n<title>Clases de Espa\u00f1ol a extranjeros - Global Translation<\/title>\n<meta name=\"robots\" content=\"index, follow, max-snippet:-1, max-image-preview:large, max-video-preview:-1\" \/>\n<link rel=\"canonical\" href=\"https:\/\/www.globaltraducciones.com.pe\/en\/clases-de-espanol-a-extranjeros\/\" \/>\n<meta property=\"og:locale\" content=\"en_US\" \/>\n<meta property=\"og:type\" content=\"article\" \/>\n<meta property=\"og:title\" content=\"Clases de Espa\u00f1ol a extranjeros - Global Translation\" \/>\n<meta property=\"og:description\" content=\"CLASES DE ESPA\u00d1OL A EXTRANJEROS Global Translation ofrece un servicio personalizado a domicilio o desde las instalaciones de su empresa de ense\u00f1anza de espa\u00f1ol a extranjeros a fin de que domine el idioma y desempe\u00f1arse competitivamente en el campo laboral. Los cursos son dictados por profesores altamente capacitados. Usted puede programar sus clases seg\u00fan el &hellip; Clases de Espa\u00f1ol a extranjeros Read More &raquo;\" \/>\n<meta property=\"og:url\" content=\"https:\/\/www.globaltraducciones.com.pe\/en\/clases-de-espanol-a-extranjeros\/\" \/>\n<meta property=\"og:site_name\" content=\"Global Translation\" \/>\n<meta property=\"article:modified_time\" content=\"2021-11-25T18:43:16+00:00\" \/>\n<meta property=\"og:image\" content=\"https:\/\/www.globaltraducciones.com.pe\/wp-content\/uploads\/2021\/11\/img01.png\" \/>\n<meta name=\"twitter:card\" content=\"summary_large_image\" \/>\n<script type=\"application\/ld+json\" class=\"yoast-schema-graph\">{\"@context\":\"https:\/\/schema.org\",\"@graph\":[{\"@type\":\"WebPage\",\"@id\":\"https:\/\/www.globaltraducciones.com.pe\/en\/clases-de-espanol-a-extranjeros\/\",\"url\":\"https:\/\/www.globaltraducciones.com.pe\/en\/clases-de-espanol-a-extranjeros\/\",\"name\":\"Clases de Espa\u00f1ol a extranjeros - Global Translation\",\"isPartOf\":{\"@id\":\"https:\/\/www.globaltraducciones.com.pe\/#website\"},\"primaryImageOfPage\":{\"@id\":\"https:\/\/www.globaltraducciones.com.pe\/en\/clases-de-espanol-a-extranjeros\/#primaryimage\"},\"image\":{\"@id\":\"https:\/\/www.globaltraducciones.com.pe\/en\/clases-de-espanol-a-extranjeros\/#primaryimage\"},\"thumbnailUrl\":\"https:\/\/www.globaltraducciones.com.pe\/wp-content\/uploads\/2021\/11\/img01.png\",\"datePublished\":\"2021-11-25T18:41:10+00:00\",\"dateModified\":\"2021-11-25T18:43:16+00:00\",\"breadcrumb\":{\"@id\":\"https:\/\/www.globaltraducciones.com.pe\/en\/clases-de-espanol-a-extranjeros\/#breadcrumb\"},\"inLanguage\":\"en-US\",\"potentialAction\":[{\"@type\":\"ReadAction\",\"target\":[\"https:\/\/www.globaltraducciones.com.pe\/en\/clases-de-espanol-a-extranjeros\/\"]}]},{\"@type\":\"ImageObject\",\"inLanguage\":\"en-US\",\"@id\":\"https:\/\/www.globaltraducciones.com.pe\/en\/clases-de-espanol-a-extranjeros\/#primaryimage\",\"url\":\"https:\/\/www.globaltraducciones.com.pe\/wp-content\/uploads\/2021\/11\/img01.png\",\"contentUrl\":\"https:\/\/www.globaltraducciones.com.pe\/wp-content\/uploads\/2021\/11\/img01.png\"},{\"@type\":\"BreadcrumbList\",\"@id\":\"https:\/\/www.globaltraducciones.com.pe\/en\/clases-de-espanol-a-extranjeros\/#breadcrumb\",\"itemListElement\":[{\"@type\":\"ListItem\",\"position\":1,\"name\":\"Portada\",\"item\":\"https:\/\/www.globaltraducciones.com.pe\/\"},{\"@type\":\"ListItem\",\"position\":2,\"name\":\"Clases de Espa\u00f1ol a extranjeros\"}]},{\"@type\":\"WebSite\",\"@id\":\"https:\/\/www.globaltraducciones.com.pe\/#website\",\"url\":\"https:\/\/www.globaltraducciones.com.pe\/\",\"name\":\"Global Translation\",\"description\":\"Traducciones Certificadas en Lima\",\"potentialAction\":[{\"@type\":\"SearchAction\",\"target\":{\"@type\":\"EntryPoint\",\"urlTemplate\":\"https:\/\/www.globaltraducciones.com.pe\/?s={search_term_string}\"},\"query-input\":{\"@type\":\"PropertyValueSpecification\",\"valueRequired\":true,\"valueName\":\"search_term_string\"}}],\"inLanguage\":\"en-US\"}]}<\/script>\n<!-- \/ Yoast SEO plugin. -->","yoast_head_json":{"title":"Clases de Espa\u00f1ol a extranjeros - Global Translation","robots":{"index":"index","follow":"follow","max-snippet":"max-snippet:-1","max-image-preview":"max-image-preview:large","max-video-preview":"max-video-preview:-1"},"canonical":"https:\/\/www.globaltraducciones.com.pe\/en\/clases-de-espanol-a-extranjeros\/","og_locale":"en_US","og_type":"article","og_title":"Clases de Espa\u00f1ol a extranjeros - Global Translation","og_description":"CLASES DE ESPA\u00d1OL A EXTRANJEROS Global Translation ofrece un servicio personalizado a domicilio o desde las instalaciones de su empresa de ense\u00f1anza de espa\u00f1ol a extranjeros a fin de que domine el idioma y desempe\u00f1arse competitivamente en el campo laboral. Los cursos son dictados por profesores altamente capacitados. Usted puede programar sus clases seg\u00fan el &hellip; Clases de Espa\u00f1ol a extranjeros Read More &raquo;","og_url":"https:\/\/www.globaltraducciones.com.pe\/en\/clases-de-espanol-a-extranjeros\/","og_site_name":"Global Translation","article_modified_time":"2021-11-25T18:43:16+00:00","og_image":[{"url":"https:\/\/www.globaltraducciones.com.pe\/wp-content\/uploads\/2021\/11\/img01.png","type":"","width":"","height":""}],"twitter_card":"summary_large_image","schema":{"@context":"https:\/\/schema.org","@graph":[{"@type":"WebPage","@id":"https:\/\/www.globaltraducciones.com.pe\/en\/clases-de-espanol-a-extranjeros\/","url":"https:\/\/www.globaltraducciones.com.pe\/en\/clases-de-espanol-a-extranjeros\/","name":"Clases de Espa\u00f1ol a extranjeros - Global Translation","isPartOf":{"@id":"https:\/\/www.globaltraducciones.com.pe\/#website"},"primaryImageOfPage":{"@id":"https:\/\/www.globaltraducciones.com.pe\/en\/clases-de-espanol-a-extranjeros\/#primaryimage"},"image":{"@id":"https:\/\/www.globaltraducciones.com.pe\/en\/clases-de-espanol-a-extranjeros\/#primaryimage"},"thumbnailUrl":"https:\/\/www.globaltraducciones.com.pe\/wp-content\/uploads\/2021\/11\/img01.png","datePublished":"2021-11-25T18:41:10+00:00","dateModified":"2021-11-25T18:43:16+00:00","breadcrumb":{"@id":"https:\/\/www.globaltraducciones.com.pe\/en\/clases-de-espanol-a-extranjeros\/#breadcrumb"},"inLanguage":"en-US","potentialAction":[{"@type":"ReadAction","target":["https:\/\/www.globaltraducciones.com.pe\/en\/clases-de-espanol-a-extranjeros\/"]}]},{"@type":"ImageObject","inLanguage":"en-US","@id":"https:\/\/www.globaltraducciones.com.pe\/en\/clases-de-espanol-a-extranjeros\/#primaryimage","url":"https:\/\/www.globaltraducciones.com.pe\/wp-content\/uploads\/2021\/11\/img01.png","contentUrl":"https:\/\/www.globaltraducciones.com.pe\/wp-content\/uploads\/2021\/11\/img01.png"},{"@type":"BreadcrumbList","@id":"https:\/\/www.globaltraducciones.com.pe\/en\/clases-de-espanol-a-extranjeros\/#breadcrumb","itemListElement":[{"@type":"ListItem","position":1,"name":"Portada","item":"https:\/\/www.globaltraducciones.com.pe\/"},{"@type":"ListItem","position":2,"name":"Clases de Espa\u00f1ol a extranjeros"}]},{"@type":"WebSite","@id":"https:\/\/www.globaltraducciones.com.pe\/#website","url":"https:\/\/www.globaltraducciones.com.pe\/","name":"Global Translation","description":"Traducciones Certificadas en Lima","potentialAction":[{"@type":"SearchAction","target":{"@type":"EntryPoint","urlTemplate":"https:\/\/www.globaltraducciones.com.pe\/?s={search_term_string}"},"query-input":{"@type":"PropertyValueSpecification","valueRequired":true,"valueName":"search_term_string"}}],"inLanguage":"en-US"}]}},"_links":{"self":[{"href":"https:\/\/www.globaltraducciones.com.pe\/en\/wp-json\/wp\/v2\/pages\/2232"}],"collection":[{"href":"https:\/\/www.globaltraducciones.com.pe\/en\/wp-json\/wp\/v2\/pages"}],"about":[{"href":"https:\/\/www.globaltraducciones.com.pe\/en\/wp-json\/wp\/v2\/types\/page"}],"author":[{"embeddable":true,"href":"https:\/\/www.globaltraducciones.com.pe\/en\/wp-json\/wp\/v2\/users\/1"}],"replies":[{"embeddable":true,"href":"https:\/\/www.globaltraducciones.com.pe\/en\/wp-json\/wp\/v2\/comments?post=2232"}],"version-history":[{"count":4,"href":"https:\/\/www.globaltraducciones.com.pe\/en\/wp-json\/wp\/v2\/pages\/2232\/revisions"}],"predecessor-version":[{"id":2238,"href":"https:\/\/www.globaltraducciones.com.pe\/en\/wp-json\/wp\/v2\/pages\/2232\/revisions\/2238"}],"wp:attachment":[{"href":"https:\/\/www.globaltraducciones.com.pe\/en\/wp-json\/wp\/v2\/media?parent=2232"}],"curies":[{"name":"wp","href":"https:\/\/api.w.org\/{rel}","templated":true}]}}