{"id":2239,"date":"2021-11-25T18:45:22","date_gmt":"2021-11-25T18:45:22","guid":{"rendered":"https:\/\/www.globaltraducciones.com.pe\/?page_id=2239"},"modified":"2021-11-25T18:47:33","modified_gmt":"2021-11-25T18:47:33","slug":"clases-de-ingles-especializada","status":"publish","type":"page","link":"https:\/\/www.globaltraducciones.com.pe\/en\/clases-de-ingles-especializada\/","title":{"rendered":"Specialized English classes"},"content":{"rendered":"<div data-elementor-type=\"wp-page\" data-elementor-id=\"2239\" class=\"elementor elementor-2239\">\n\t\t\t\t\t\t\t\t\t<section class=\"elementor-section elementor-top-section elementor-element elementor-element-1e96830 elementor-section-content-middle elementor-section-boxed elementor-section-height-default elementor-section-height-default\" data-id=\"1e96830\" data-element_type=\"section\" data-settings=\"{&quot;background_background&quot;:&quot;classic&quot;,&quot;jet_parallax_layout_list&quot;:[{&quot;_id&quot;:&quot;b83fe64&quot;,&quot;jet_parallax_layout_image&quot;:{&quot;url&quot;:&quot;&quot;,&quot;id&quot;:&quot;&quot;},&quot;jet_parallax_layout_image_tablet&quot;:{&quot;url&quot;:&quot;&quot;,&quot;id&quot;:&quot;&quot;},&quot;jet_parallax_layout_image_mobile&quot;:{&quot;url&quot;:&quot;&quot;,&quot;id&quot;:&quot;&quot;},&quot;jet_parallax_layout_speed&quot;:{&quot;unit&quot;:&quot;%&quot;,&quot;size&quot;:50,&quot;sizes&quot;:[]},&quot;jet_parallax_layout_type&quot;:&quot;scroll&quot;,&quot;jet_parallax_layout_direction&quot;:null,&quot;jet_parallax_layout_fx_direction&quot;:null,&quot;jet_parallax_layout_z_index&quot;:&quot;&quot;,&quot;jet_parallax_layout_bg_x&quot;:50,&quot;jet_parallax_layout_bg_x_tablet&quot;:&quot;&quot;,&quot;jet_parallax_layout_bg_x_mobile&quot;:&quot;&quot;,&quot;jet_parallax_layout_bg_y&quot;:50,&quot;jet_parallax_layout_bg_y_tablet&quot;:&quot;&quot;,&quot;jet_parallax_layout_bg_y_mobile&quot;:&quot;&quot;,&quot;jet_parallax_layout_bg_size&quot;:&quot;auto&quot;,&quot;jet_parallax_layout_bg_size_tablet&quot;:&quot;&quot;,&quot;jet_parallax_layout_bg_size_mobile&quot;:&quot;&quot;,&quot;jet_parallax_layout_animation_prop&quot;:&quot;transform&quot;,&quot;jet_parallax_layout_on&quot;:[&quot;desktop&quot;,&quot;tablet&quot;]}]}\">\n\t\t\t\t\t\t\t<div class=\"elementor-background-overlay\"><\/div>\n\t\t\t\t\t\t\t<div class=\"elementor-container elementor-column-gap-no\">\n\t\t\t\t\t<div class=\"elementor-column elementor-col-50 elementor-top-column elementor-element elementor-element-03ea064\" data-id=\"03ea064\" data-element_type=\"column\">\n\t\t\t<div class=\"elementor-widget-wrap elementor-element-populated\">\n\t\t\t\t\t\t\t\t<div class=\"elementor-element elementor-element-f6e42b1 elementor-widget elementor-widget-image\" data-id=\"f6e42b1\" data-element_type=\"widget\" data-widget_type=\"image.default\">\n\t\t\t\t<div class=\"elementor-widget-container\">\n\t\t\t<style>\/*! elementor - v3.10.2 - 29-01-2023 *\/\n.elementor-widget-image{text-align:center}.elementor-widget-image a{display:inline-block}.elementor-widget-image a img[src$=\".svg\"]{width:48px}.elementor-widget-image img{vertical-align:middle;display:inline-block}<\/style>\t\t\t\t\t\t\t\t\t\t\t\t<img loading=\"lazy\" decoding=\"async\" width=\"351\" height=\"550\" src=\"https:\/\/www.globaltraducciones.com.pe\/wp-content\/uploads\/2021\/11\/img02.png\" class=\"attachment-full size-full wp-image-2242\" alt=\"\" srcset=\"https:\/\/www.globaltraducciones.com.pe\/wp-content\/uploads\/2021\/11\/img02.png 351w, https:\/\/www.globaltraducciones.com.pe\/wp-content\/uploads\/2021\/11\/img02-191x300.png 191w\" sizes=\"(max-width: 351px) 100vw, 351px\" \/>\t\t\t\t\t\t\t\t\t\t\t\t\t\t\t<\/div>\n\t\t\t\t<\/div>\n\t\t\t\t\t<\/div>\n\t\t<\/div>\n\t\t\t\t<div class=\"elementor-column elementor-col-50 elementor-top-column elementor-element elementor-element-0844c1b\" data-id=\"0844c1b\" data-element_type=\"column\">\n\t\t\t<div class=\"elementor-widget-wrap elementor-element-populated\">\n\t\t\t\t\t\t\t\t<div class=\"elementor-element elementor-element-5ee83e9 elementor-widget elementor-widget-heading\" data-id=\"5ee83e9\" data-element_type=\"widget\" data-widget_type=\"heading.default\">\n\t\t\t\t<div class=\"elementor-widget-container\">\n\t\t\t<style>\/*! elementor - v3.10.2 - 29-01-2023 *\/\n.elementor-heading-title{padding:0;margin:0;line-height:1}.elementor-widget-heading .elementor-heading-title[class*=elementor-size-]>a{color:inherit;font-size:inherit;line-height:inherit}.elementor-widget-heading .elementor-heading-title.elementor-size-small{font-size:15px}.elementor-widget-heading .elementor-heading-title.elementor-size-medium{font-size:19px}.elementor-widget-heading .elementor-heading-title.elementor-size-large{font-size:29px}.elementor-widget-heading .elementor-heading-title.elementor-size-xl{font-size:39px}.elementor-widget-heading .elementor-heading-title.elementor-size-xxl{font-size:59px}<\/style><h2 class=\"elementor-heading-title elementor-size-default\">SPECIALIZED ENGLISH CLASSES\n<\/h2>\t\t<\/div>\n\t\t\t\t<\/div>\n\t\t\t\t<div class=\"elementor-element elementor-element-793a305 elementor-widget elementor-widget-text-editor\" data-id=\"793a305\" data-element_type=\"widget\" data-widget_type=\"text-editor.default\">\n\t\t\t\t<div class=\"elementor-widget-container\">\n\t\t\t<style>\/*! elementor - v3.10.2 - 29-01-2023 *\/\n.elementor-widget-text-editor.elementor-drop-cap-view-stacked .elementor-drop-cap{background-color:#818a91;color:#fff}.elementor-widget-text-editor.elementor-drop-cap-view-framed .elementor-drop-cap{color:#818a91;border:3px solid;background-color:transparent}.elementor-widget-text-editor:not(.elementor-drop-cap-view-default) .elementor-drop-cap{margin-top:8px}.elementor-widget-text-editor:not(.elementor-drop-cap-view-default) .elementor-drop-cap-letter{width:1em;height:1em}.elementor-widget-text-editor .elementor-drop-cap{float:left;text-align:center;line-height:1;font-size:50px}.elementor-widget-text-editor .elementor-drop-cap-letter{display:inline-block}<\/style>\t\t\t\t<p>Global Translation offers a personalized service of English classes at beginner, intermediate and advanced levels to executives who wish to combine general English practice with communication training specific to their profession.<\/p><p>You will be required to take a proficiency exam.<\/p>\t\t\t\t\t\t<\/div>\n\t\t\t\t<\/div>\n\t\t\t\t\t<\/div>\n\t\t<\/div>\n\t\t\t\t\t\t\t<\/div>\n\t\t<\/section>\n\t\t\t\t\t\t\t<\/div>","protected":false},"excerpt":{"rendered":"<p>CLASES DE INGL\u00c9S ESPECIALIZADAS Global Translation ofrece un servicio personalizado de clases de ingl\u00e9s de niveles principiante, intermedio y avanzado a ejecutivos que deseen combinar la pr\u00e1ctica de ingl\u00e9s general con la capacitaci\u00f3n en comunicaci\u00f3n espec\u00edfica para su profesi\u00f3n. Deber\u00e1 rendir un examen de suficiencia.<\/p>","protected":false},"author":1,"featured_media":0,"parent":0,"menu_order":0,"comment_status":"closed","ping_status":"closed","template":"","meta":{"site-sidebar-layout":"no-sidebar","site-content-layout":"page-builder","ast-global-header-display":"","ast-main-header-display":"","ast-hfb-above-header-display":"","ast-hfb-below-header-display":"","ast-hfb-mobile-header-display":"","site-post-title":"disabled","ast-breadcrumbs-content":"","ast-featured-img":"disabled","footer-sml-layout":"","theme-transparent-header-meta":"","adv-header-id-meta":"","stick-header-meta":"","header-above-stick-meta":"","header-main-stick-meta":"","header-below-stick-meta":"","_joinchat":[],"footnotes":""},"yoast_head":"<!-- This site is optimized with the Yoast SEO plugin v24.5 - https:\/\/yoast.com\/wordpress\/plugins\/seo\/ -->\n<title>Clases de ingl\u00e9s especializada - Global Translation<\/title>\n<meta name=\"robots\" content=\"index, follow, max-snippet:-1, max-image-preview:large, max-video-preview:-1\" \/>\n<link rel=\"canonical\" href=\"https:\/\/www.globaltraducciones.com.pe\/en\/clases-de-ingles-especializada\/\" \/>\n<meta property=\"og:locale\" content=\"en_US\" \/>\n<meta property=\"og:type\" content=\"article\" \/>\n<meta property=\"og:title\" content=\"Clases de ingl\u00e9s especializada - Global Translation\" \/>\n<meta property=\"og:description\" content=\"CLASES DE INGL\u00c9S ESPECIALIZADAS Global Translation ofrece un servicio personalizado de clases de ingl\u00e9s de niveles principiante, intermedio y avanzado a ejecutivos que deseen combinar la pr\u00e1ctica de ingl\u00e9s general con la capacitaci\u00f3n en comunicaci\u00f3n espec\u00edfica para su profesi\u00f3n. Deber\u00e1 rendir un examen de suficiencia.\" \/>\n<meta property=\"og:url\" content=\"https:\/\/www.globaltraducciones.com.pe\/en\/clases-de-ingles-especializada\/\" \/>\n<meta property=\"og:site_name\" content=\"Global Translation\" \/>\n<meta property=\"article:modified_time\" content=\"2021-11-25T18:47:33+00:00\" \/>\n<meta property=\"og:image\" content=\"https:\/\/www.globaltraducciones.com.pe\/wp-content\/uploads\/2021\/11\/img02.png\" \/>\n<meta name=\"twitter:card\" content=\"summary_large_image\" \/>\n<script type=\"application\/ld+json\" class=\"yoast-schema-graph\">{\"@context\":\"https:\/\/schema.org\",\"@graph\":[{\"@type\":\"WebPage\",\"@id\":\"https:\/\/www.globaltraducciones.com.pe\/en\/clases-de-ingles-especializada\/\",\"url\":\"https:\/\/www.globaltraducciones.com.pe\/en\/clases-de-ingles-especializada\/\",\"name\":\"Clases de ingl\u00e9s especializada - Global Translation\",\"isPartOf\":{\"@id\":\"https:\/\/www.globaltraducciones.com.pe\/#website\"},\"primaryImageOfPage\":{\"@id\":\"https:\/\/www.globaltraducciones.com.pe\/en\/clases-de-ingles-especializada\/#primaryimage\"},\"image\":{\"@id\":\"https:\/\/www.globaltraducciones.com.pe\/en\/clases-de-ingles-especializada\/#primaryimage\"},\"thumbnailUrl\":\"https:\/\/www.globaltraducciones.com.pe\/wp-content\/uploads\/2021\/11\/img02.png\",\"datePublished\":\"2021-11-25T18:45:22+00:00\",\"dateModified\":\"2021-11-25T18:47:33+00:00\",\"breadcrumb\":{\"@id\":\"https:\/\/www.globaltraducciones.com.pe\/en\/clases-de-ingles-especializada\/#breadcrumb\"},\"inLanguage\":\"en-US\",\"potentialAction\":[{\"@type\":\"ReadAction\",\"target\":[\"https:\/\/www.globaltraducciones.com.pe\/en\/clases-de-ingles-especializada\/\"]}]},{\"@type\":\"ImageObject\",\"inLanguage\":\"en-US\",\"@id\":\"https:\/\/www.globaltraducciones.com.pe\/en\/clases-de-ingles-especializada\/#primaryimage\",\"url\":\"https:\/\/www.globaltraducciones.com.pe\/wp-content\/uploads\/2021\/11\/img02.png\",\"contentUrl\":\"https:\/\/www.globaltraducciones.com.pe\/wp-content\/uploads\/2021\/11\/img02.png\"},{\"@type\":\"BreadcrumbList\",\"@id\":\"https:\/\/www.globaltraducciones.com.pe\/en\/clases-de-ingles-especializada\/#breadcrumb\",\"itemListElement\":[{\"@type\":\"ListItem\",\"position\":1,\"name\":\"Portada\",\"item\":\"https:\/\/www.globaltraducciones.com.pe\/\"},{\"@type\":\"ListItem\",\"position\":2,\"name\":\"Clases de ingl\u00e9s especializada\"}]},{\"@type\":\"WebSite\",\"@id\":\"https:\/\/www.globaltraducciones.com.pe\/#website\",\"url\":\"https:\/\/www.globaltraducciones.com.pe\/\",\"name\":\"Global Translation\",\"description\":\"Traducciones Certificadas en Lima\",\"potentialAction\":[{\"@type\":\"SearchAction\",\"target\":{\"@type\":\"EntryPoint\",\"urlTemplate\":\"https:\/\/www.globaltraducciones.com.pe\/?s={search_term_string}\"},\"query-input\":{\"@type\":\"PropertyValueSpecification\",\"valueRequired\":true,\"valueName\":\"search_term_string\"}}],\"inLanguage\":\"en-US\"}]}<\/script>\n<!-- \/ Yoast SEO plugin. -->","yoast_head_json":{"title":"Clases de ingl\u00e9s especializada - Global Translation","robots":{"index":"index","follow":"follow","max-snippet":"max-snippet:-1","max-image-preview":"max-image-preview:large","max-video-preview":"max-video-preview:-1"},"canonical":"https:\/\/www.globaltraducciones.com.pe\/en\/clases-de-ingles-especializada\/","og_locale":"en_US","og_type":"article","og_title":"Clases de ingl\u00e9s especializada - Global Translation","og_description":"CLASES DE INGL\u00c9S ESPECIALIZADAS Global Translation ofrece un servicio personalizado de clases de ingl\u00e9s de niveles principiante, intermedio y avanzado a ejecutivos que deseen combinar la pr\u00e1ctica de ingl\u00e9s general con la capacitaci\u00f3n en comunicaci\u00f3n espec\u00edfica para su profesi\u00f3n. Deber\u00e1 rendir un examen de suficiencia.","og_url":"https:\/\/www.globaltraducciones.com.pe\/en\/clases-de-ingles-especializada\/","og_site_name":"Global Translation","article_modified_time":"2021-11-25T18:47:33+00:00","og_image":[{"url":"https:\/\/www.globaltraducciones.com.pe\/wp-content\/uploads\/2021\/11\/img02.png","type":"","width":"","height":""}],"twitter_card":"summary_large_image","schema":{"@context":"https:\/\/schema.org","@graph":[{"@type":"WebPage","@id":"https:\/\/www.globaltraducciones.com.pe\/en\/clases-de-ingles-especializada\/","url":"https:\/\/www.globaltraducciones.com.pe\/en\/clases-de-ingles-especializada\/","name":"Clases de ingl\u00e9s especializada - Global Translation","isPartOf":{"@id":"https:\/\/www.globaltraducciones.com.pe\/#website"},"primaryImageOfPage":{"@id":"https:\/\/www.globaltraducciones.com.pe\/en\/clases-de-ingles-especializada\/#primaryimage"},"image":{"@id":"https:\/\/www.globaltraducciones.com.pe\/en\/clases-de-ingles-especializada\/#primaryimage"},"thumbnailUrl":"https:\/\/www.globaltraducciones.com.pe\/wp-content\/uploads\/2021\/11\/img02.png","datePublished":"2021-11-25T18:45:22+00:00","dateModified":"2021-11-25T18:47:33+00:00","breadcrumb":{"@id":"https:\/\/www.globaltraducciones.com.pe\/en\/clases-de-ingles-especializada\/#breadcrumb"},"inLanguage":"en-US","potentialAction":[{"@type":"ReadAction","target":["https:\/\/www.globaltraducciones.com.pe\/en\/clases-de-ingles-especializada\/"]}]},{"@type":"ImageObject","inLanguage":"en-US","@id":"https:\/\/www.globaltraducciones.com.pe\/en\/clases-de-ingles-especializada\/#primaryimage","url":"https:\/\/www.globaltraducciones.com.pe\/wp-content\/uploads\/2021\/11\/img02.png","contentUrl":"https:\/\/www.globaltraducciones.com.pe\/wp-content\/uploads\/2021\/11\/img02.png"},{"@type":"BreadcrumbList","@id":"https:\/\/www.globaltraducciones.com.pe\/en\/clases-de-ingles-especializada\/#breadcrumb","itemListElement":[{"@type":"ListItem","position":1,"name":"Portada","item":"https:\/\/www.globaltraducciones.com.pe\/"},{"@type":"ListItem","position":2,"name":"Clases de ingl\u00e9s especializada"}]},{"@type":"WebSite","@id":"https:\/\/www.globaltraducciones.com.pe\/#website","url":"https:\/\/www.globaltraducciones.com.pe\/","name":"Global Translation","description":"Traducciones Certificadas en Lima","potentialAction":[{"@type":"SearchAction","target":{"@type":"EntryPoint","urlTemplate":"https:\/\/www.globaltraducciones.com.pe\/?s={search_term_string}"},"query-input":{"@type":"PropertyValueSpecification","valueRequired":true,"valueName":"search_term_string"}}],"inLanguage":"en-US"}]}},"_links":{"self":[{"href":"https:\/\/www.globaltraducciones.com.pe\/en\/wp-json\/wp\/v2\/pages\/2239"}],"collection":[{"href":"https:\/\/www.globaltraducciones.com.pe\/en\/wp-json\/wp\/v2\/pages"}],"about":[{"href":"https:\/\/www.globaltraducciones.com.pe\/en\/wp-json\/wp\/v2\/types\/page"}],"author":[{"embeddable":true,"href":"https:\/\/www.globaltraducciones.com.pe\/en\/wp-json\/wp\/v2\/users\/1"}],"replies":[{"embeddable":true,"href":"https:\/\/www.globaltraducciones.com.pe\/en\/wp-json\/wp\/v2\/comments?post=2239"}],"version-history":[{"count":4,"href":"https:\/\/www.globaltraducciones.com.pe\/en\/wp-json\/wp\/v2\/pages\/2239\/revisions"}],"predecessor-version":[{"id":2245,"href":"https:\/\/www.globaltraducciones.com.pe\/en\/wp-json\/wp\/v2\/pages\/2239\/revisions\/2245"}],"wp:attachment":[{"href":"https:\/\/www.globaltraducciones.com.pe\/en\/wp-json\/wp\/v2\/media?parent=2239"}],"curies":[{"name":"wp","href":"https:\/\/api.w.org\/{rel}","templated":true}]}}