{"id":2518,"date":"2021-12-08T17:29:25","date_gmt":"2021-12-08T17:29:25","guid":{"rendered":"https:\/\/www.globaltraducciones.com.pe\/?page_id=2518"},"modified":"2021-12-10T17:33:34","modified_gmt":"2021-12-10T17:33:34","slug":"interpretaciones","status":"publish","type":"page","link":"https:\/\/www.globaltraducciones.com.pe\/en\/interpretaciones\/","title":{"rendered":"Interpretations"},"content":{"rendered":"<div data-elementor-type=\"wp-page\" data-elementor-id=\"2518\" class=\"elementor elementor-2518\">\n\t\t\t\t\t\t\t\t\t<section class=\"elementor-section elementor-top-section elementor-element elementor-element-4b293c1 elementor-section-height-min-height elementor-section-boxed elementor-section-height-default elementor-section-items-middle\" data-id=\"4b293c1\" data-element_type=\"section\" data-settings=\"{&quot;jet_parallax_layout_list&quot;:[{&quot;jet_parallax_layout_image&quot;:{&quot;url&quot;:&quot;&quot;,&quot;id&quot;:&quot;&quot;},&quot;_id&quot;:&quot;7ea2f55&quot;,&quot;jet_parallax_layout_image_tablet&quot;:{&quot;url&quot;:&quot;&quot;,&quot;id&quot;:&quot;&quot;},&quot;jet_parallax_layout_image_mobile&quot;:{&quot;url&quot;:&quot;&quot;,&quot;id&quot;:&quot;&quot;},&quot;jet_parallax_layout_speed&quot;:{&quot;unit&quot;:&quot;%&quot;,&quot;size&quot;:50,&quot;sizes&quot;:[]},&quot;jet_parallax_layout_type&quot;:&quot;scroll&quot;,&quot;jet_parallax_layout_direction&quot;:null,&quot;jet_parallax_layout_fx_direction&quot;:null,&quot;jet_parallax_layout_z_index&quot;:&quot;&quot;,&quot;jet_parallax_layout_bg_x&quot;:50,&quot;jet_parallax_layout_bg_x_tablet&quot;:&quot;&quot;,&quot;jet_parallax_layout_bg_x_mobile&quot;:&quot;&quot;,&quot;jet_parallax_layout_bg_y&quot;:50,&quot;jet_parallax_layout_bg_y_tablet&quot;:&quot;&quot;,&quot;jet_parallax_layout_bg_y_mobile&quot;:&quot;&quot;,&quot;jet_parallax_layout_bg_size&quot;:&quot;auto&quot;,&quot;jet_parallax_layout_bg_size_tablet&quot;:&quot;&quot;,&quot;jet_parallax_layout_bg_size_mobile&quot;:&quot;&quot;,&quot;jet_parallax_layout_animation_prop&quot;:&quot;transform&quot;,&quot;jet_parallax_layout_on&quot;:[&quot;desktop&quot;,&quot;tablet&quot;]}],&quot;background_background&quot;:&quot;classic&quot;}\">\n\t\t\t\t\t\t\t<div class=\"elementor-background-overlay\"><\/div>\n\t\t\t\t\t\t\t<div class=\"elementor-container elementor-column-gap-default\">\n\t\t\t\t\t<div class=\"elementor-column elementor-col-100 elementor-top-column elementor-element elementor-element-f79224d\" data-id=\"f79224d\" data-element_type=\"column\">\n\t\t\t<div class=\"elementor-widget-wrap elementor-element-populated\">\n\t\t\t\t\t\t\t\t<div class=\"elementor-element elementor-element-02d33f7 elementor-widget elementor-widget-heading\" data-id=\"02d33f7\" data-element_type=\"widget\" data-widget_type=\"heading.default\">\n\t\t\t\t<div class=\"elementor-widget-container\">\n\t\t\t<style>\/*! elementor - v3.10.2 - 29-01-2023 *\/\n.elementor-heading-title{padding:0;margin:0;line-height:1}.elementor-widget-heading .elementor-heading-title[class*=elementor-size-]>a{color:inherit;font-size:inherit;line-height:inherit}.elementor-widget-heading .elementor-heading-title.elementor-size-small{font-size:15px}.elementor-widget-heading .elementor-heading-title.elementor-size-medium{font-size:19px}.elementor-widget-heading .elementor-heading-title.elementor-size-large{font-size:29px}.elementor-widget-heading .elementor-heading-title.elementor-size-xl{font-size:39px}.elementor-widget-heading .elementor-heading-title.elementor-size-xxl{font-size:59px}<\/style><h1 class=\"elementor-heading-title elementor-size-default\">INTERPRETATIONS\n<\/h1>\t\t<\/div>\n\t\t\t\t<\/div>\n\t\t\t\t\t<\/div>\n\t\t<\/div>\n\t\t\t\t\t\t\t<\/div>\n\t\t<\/section>\n\t\t\t\t<section class=\"elementor-section elementor-top-section elementor-element elementor-element-edv2dlc elementor-section-content-middle elementor-section-boxed elementor-section-height-default elementor-section-height-default\" data-id=\"edv2dlc\" data-element_type=\"section\" data-settings=\"{&quot;background_background&quot;:&quot;classic&quot;,&quot;jet_parallax_layout_list&quot;:[{&quot;_id&quot;:&quot;53cca66&quot;,&quot;jet_parallax_layout_image&quot;:{&quot;url&quot;:&quot;&quot;,&quot;id&quot;:&quot;&quot;},&quot;jet_parallax_layout_image_tablet&quot;:{&quot;url&quot;:&quot;&quot;,&quot;id&quot;:&quot;&quot;},&quot;jet_parallax_layout_image_mobile&quot;:{&quot;url&quot;:&quot;&quot;,&quot;id&quot;:&quot;&quot;},&quot;jet_parallax_layout_speed&quot;:{&quot;unit&quot;:&quot;%&quot;,&quot;size&quot;:50,&quot;sizes&quot;:[]},&quot;jet_parallax_layout_type&quot;:&quot;scroll&quot;,&quot;jet_parallax_layout_direction&quot;:null,&quot;jet_parallax_layout_fx_direction&quot;:null,&quot;jet_parallax_layout_z_index&quot;:&quot;&quot;,&quot;jet_parallax_layout_bg_x&quot;:50,&quot;jet_parallax_layout_bg_x_tablet&quot;:&quot;&quot;,&quot;jet_parallax_layout_bg_x_mobile&quot;:&quot;&quot;,&quot;jet_parallax_layout_bg_y&quot;:50,&quot;jet_parallax_layout_bg_y_tablet&quot;:&quot;&quot;,&quot;jet_parallax_layout_bg_y_mobile&quot;:&quot;&quot;,&quot;jet_parallax_layout_bg_size&quot;:&quot;auto&quot;,&quot;jet_parallax_layout_bg_size_tablet&quot;:&quot;&quot;,&quot;jet_parallax_layout_bg_size_mobile&quot;:&quot;&quot;,&quot;jet_parallax_layout_animation_prop&quot;:&quot;transform&quot;,&quot;jet_parallax_layout_on&quot;:[&quot;desktop&quot;,&quot;tablet&quot;]}]}\">\n\t\t\t\t\t\t\t<div class=\"elementor-background-overlay\"><\/div>\n\t\t\t\t\t\t\t<div class=\"elementor-container elementor-column-gap-no\">\n\t\t\t\t\t<div class=\"elementor-column elementor-col-33 elementor-top-column elementor-element elementor-element-00fe61f\" data-id=\"00fe61f\" data-element_type=\"column\">\n\t\t\t<div class=\"elementor-widget-wrap elementor-element-populated\">\n\t\t\t\t\t\t\t\t<div class=\"elementor-element elementor-element-f0ae45e elementor-widget elementor-widget-image\" data-id=\"f0ae45e\" data-element_type=\"widget\" data-widget_type=\"image.default\">\n\t\t\t\t<div class=\"elementor-widget-container\">\n\t\t\t<style>\/*! elementor - v3.10.2 - 29-01-2023 *\/\n.elementor-widget-image{text-align:center}.elementor-widget-image a{display:inline-block}.elementor-widget-image a img[src$=\".svg\"]{width:48px}.elementor-widget-image img{vertical-align:middle;display:inline-block}<\/style>\t\t\t\t\t\t\t\t\t\t\t\t<img loading=\"lazy\" decoding=\"async\" width=\"500\" height=\"400\" src=\"https:\/\/www.globaltraducciones.com.pe\/wp-content\/uploads\/2021\/11\/interpretation.jpg\" class=\"attachment-large size-large wp-image-1779\" alt=\"\" srcset=\"https:\/\/www.globaltraducciones.com.pe\/wp-content\/uploads\/2021\/11\/interpretation.jpg 500w, https:\/\/www.globaltraducciones.com.pe\/wp-content\/uploads\/2021\/11\/interpretation-300x240.jpg 300w\" sizes=\"(max-width: 500px) 100vw, 500px\" \/>\t\t\t\t\t\t\t\t\t\t\t\t\t\t\t<\/div>\n\t\t\t\t<\/div>\n\t\t\t\t<div class=\"elementor-element elementor-element-1460afc elementor-widget elementor-widget-heading\" data-id=\"1460afc\" data-element_type=\"widget\" data-widget_type=\"heading.default\">\n\t\t\t\t<div class=\"elementor-widget-container\">\n\t\t\t<h3 class=\"elementor-heading-title elementor-size-default\">SIMULTANEOUS INTERPRETATION<\/h3>\t\t<\/div>\n\t\t\t\t<\/div>\n\t\t\t\t<div class=\"elementor-element elementor-element-f94b9e0 elementor-align-center elementor-widget elementor-widget-button\" data-id=\"f94b9e0\" data-element_type=\"widget\" data-widget_type=\"button.default\">\n\t\t\t\t<div class=\"elementor-widget-container\">\n\t\t\t\t\t<div class=\"elementor-button-wrapper\">\n\t\t\t<a href=\"https:\/\/www.globaltraducciones.com.pe\/en\/interpretacion-simultanea\/\" class=\"elementor-button-link elementor-button elementor-size-sm\" role=\"button\">\n\t\t\t\t\t\t<span class=\"elementor-button-content-wrapper\">\n\t\t\t\t\t\t<span class=\"elementor-button-text\">Read more<\/span>\n\t\t<\/span>\n\t\t\t\t\t<\/a>\n\t\t<\/div>\n\t\t\t\t<\/div>\n\t\t\t\t<\/div>\n\t\t\t\t\t<\/div>\n\t\t<\/div>\n\t\t\t\t<div class=\"elementor-column elementor-col-33 elementor-top-column elementor-element elementor-element-77f9305\" data-id=\"77f9305\" data-element_type=\"column\">\n\t\t\t<div class=\"elementor-widget-wrap elementor-element-populated\">\n\t\t\t\t\t\t\t\t<div class=\"elementor-element elementor-element-4d5532e elementor-widget elementor-widget-image\" data-id=\"4d5532e\" data-element_type=\"widget\" data-widget_type=\"image.default\">\n\t\t\t\t<div class=\"elementor-widget-container\">\n\t\t\t\t\t\t\t\t\t\t\t\t\t\t\t<img loading=\"lazy\" decoding=\"async\" width=\"500\" height=\"333\" src=\"https:\/\/www.globaltraducciones.com.pe\/wp-content\/uploads\/2021\/11\/traduccion-express.png3_.png\" class=\"attachment-large size-large wp-image-2189\" alt=\"\" srcset=\"https:\/\/www.globaltraducciones.com.pe\/wp-content\/uploads\/2021\/11\/traduccion-express.png3_.png 500w, https:\/\/www.globaltraducciones.com.pe\/wp-content\/uploads\/2021\/11\/traduccion-express.png3_-300x200.png 300w\" sizes=\"(max-width: 500px) 100vw, 500px\" \/>\t\t\t\t\t\t\t\t\t\t\t\t\t\t\t<\/div>\n\t\t\t\t<\/div>\n\t\t\t\t<div class=\"elementor-element elementor-element-79b4a88 elementor-widget elementor-widget-heading\" data-id=\"79b4a88\" data-element_type=\"widget\" data-widget_type=\"heading.default\">\n\t\t\t\t<div class=\"elementor-widget-container\">\n\t\t\t<h3 class=\"elementor-heading-title elementor-size-default\">CONSECUTIVE INTERPRETATION<\/h3>\t\t<\/div>\n\t\t\t\t<\/div>\n\t\t\t\t<div class=\"elementor-element elementor-element-4e2e1a6 elementor-align-center elementor-widget elementor-widget-button\" data-id=\"4e2e1a6\" data-element_type=\"widget\" data-widget_type=\"button.default\">\n\t\t\t\t<div class=\"elementor-widget-container\">\n\t\t\t\t\t<div class=\"elementor-button-wrapper\">\n\t\t\t<a href=\"https:\/\/www.globaltraducciones.com.pe\/en\/consecutiva\/\" class=\"elementor-button-link elementor-button elementor-size-sm\" role=\"button\">\n\t\t\t\t\t\t<span class=\"elementor-button-content-wrapper\">\n\t\t\t\t\t\t<span class=\"elementor-button-text\">Read more<\/span>\n\t\t<\/span>\n\t\t\t\t\t<\/a>\n\t\t<\/div>\n\t\t\t\t<\/div>\n\t\t\t\t<\/div>\n\t\t\t\t\t<\/div>\n\t\t<\/div>\n\t\t\t\t<div class=\"elementor-column elementor-col-33 elementor-top-column elementor-element elementor-element-92c59ca\" data-id=\"92c59ca\" data-element_type=\"column\">\n\t\t\t<div class=\"elementor-widget-wrap elementor-element-populated\">\n\t\t\t\t\t\t\t\t<div class=\"elementor-element elementor-element-d3779df elementor-widget elementor-widget-image\" data-id=\"d3779df\" data-element_type=\"widget\" data-widget_type=\"image.default\">\n\t\t\t\t<div class=\"elementor-widget-container\">\n\t\t\t\t\t\t\t\t\t\t\t\t\t\t\t<img decoding=\"async\" src=\"https:\/\/www.globaltraducciones.com.pe\/wp-content\/uploads\/elementor\/thumbs\/Sin-titulo-1-ph4vfs81o2autg8hdlfjcw6samtq80ndzar19lxe30.png\" title=\"Sin t\u00edtulo-1\" alt=\"Sin t\u00edtulo-1\" loading=\"lazy\" \/>\t\t\t\t\t\t\t\t\t\t\t\t\t\t\t<\/div>\n\t\t\t\t<\/div>\n\t\t\t\t<div class=\"elementor-element elementor-element-2f547cd elementor-widget elementor-widget-heading\" data-id=\"2f547cd\" data-element_type=\"widget\" data-widget_type=\"heading.default\">\n\t\t\t\t<div class=\"elementor-widget-container\">\n\t\t\t<h3 class=\"elementor-heading-title elementor-size-default\">LIAISON INTERPRETATION<\/h3>\t\t<\/div>\n\t\t\t\t<\/div>\n\t\t\t\t<div class=\"elementor-element elementor-element-6ee6084 elementor-align-center elementor-widget elementor-widget-button\" data-id=\"6ee6084\" data-element_type=\"widget\" data-widget_type=\"button.default\">\n\t\t\t\t<div class=\"elementor-widget-container\">\n\t\t\t\t\t<div class=\"elementor-button-wrapper\">\n\t\t\t<a href=\"https:\/\/www.globaltraducciones.com.pe\/en\/enlace\/\" class=\"elementor-button-link elementor-button elementor-size-sm\" role=\"button\">\n\t\t\t\t\t\t<span class=\"elementor-button-content-wrapper\">\n\t\t\t\t\t\t<span class=\"elementor-button-text\">Read more<\/span>\n\t\t<\/span>\n\t\t\t\t\t<\/a>\n\t\t<\/div>\n\t\t\t\t<\/div>\n\t\t\t\t<\/div>\n\t\t\t\t\t<\/div>\n\t\t<\/div>\n\t\t\t\t\t\t\t<\/div>\n\t\t<\/section>\n\t\t\t\t\t\t\t<\/div>","protected":false},"excerpt":{"rendered":"<p>INTERPRETACIONES INTERPRETACI\u00d3N SIMULT\u00c1NEA VER M\u00c1S INTERPRETACI\u00d3N CONSECUTIVA VER M\u00c1S INTERPRETACI\u00d3N DE ENLACE VER M\u00c1S<\/p>","protected":false},"author":1,"featured_media":0,"parent":0,"menu_order":0,"comment_status":"closed","ping_status":"closed","template":"","meta":{"site-sidebar-layout":"no-sidebar","site-content-layout":"page-builder","ast-global-header-display":"","ast-main-header-display":"","ast-hfb-above-header-display":"","ast-hfb-below-header-display":"","ast-hfb-mobile-header-display":"","site-post-title":"disabled","ast-breadcrumbs-content":"","ast-featured-img":"disabled","footer-sml-layout":"","theme-transparent-header-meta":"","adv-header-id-meta":"","stick-header-meta":"","header-above-stick-meta":"","header-main-stick-meta":"","header-below-stick-meta":"","_joinchat":[],"footnotes":""},"yoast_head":"<!-- This site is optimized with the Yoast SEO plugin v24.5 - https:\/\/yoast.com\/wordpress\/plugins\/seo\/ -->\n<title>Interpretaciones - Global Translation<\/title>\n<meta name=\"robots\" content=\"index, follow, max-snippet:-1, max-image-preview:large, max-video-preview:-1\" \/>\n<link rel=\"canonical\" href=\"https:\/\/www.globaltraducciones.com.pe\/en\/interpretaciones\/\" \/>\n<meta property=\"og:locale\" content=\"en_US\" \/>\n<meta property=\"og:type\" content=\"article\" \/>\n<meta property=\"og:title\" content=\"Interpretaciones - Global Translation\" \/>\n<meta property=\"og:description\" content=\"INTERPRETACIONES INTERPRETACI\u00d3N SIMULT\u00c1NEA VER M\u00c1S INTERPRETACI\u00d3N CONSECUTIVA VER M\u00c1S INTERPRETACI\u00d3N DE ENLACE VER M\u00c1S\" \/>\n<meta property=\"og:url\" content=\"https:\/\/www.globaltraducciones.com.pe\/en\/interpretaciones\/\" \/>\n<meta property=\"og:site_name\" content=\"Global Translation\" \/>\n<meta property=\"article:modified_time\" content=\"2021-12-10T17:33:34+00:00\" \/>\n<meta property=\"og:image\" content=\"https:\/\/www.globaltraducciones.com.pe\/wp-content\/uploads\/2021\/11\/interpretation.jpg\" \/>\n<meta name=\"twitter:card\" content=\"summary_large_image\" \/>\n<script type=\"application\/ld+json\" class=\"yoast-schema-graph\">{\"@context\":\"https:\/\/schema.org\",\"@graph\":[{\"@type\":\"WebPage\",\"@id\":\"https:\/\/www.globaltraducciones.com.pe\/en\/interpretaciones\/\",\"url\":\"https:\/\/www.globaltraducciones.com.pe\/en\/interpretaciones\/\",\"name\":\"Interpretaciones - Global Translation\",\"isPartOf\":{\"@id\":\"https:\/\/www.globaltraducciones.com.pe\/#website\"},\"primaryImageOfPage\":{\"@id\":\"https:\/\/www.globaltraducciones.com.pe\/en\/interpretaciones\/#primaryimage\"},\"image\":{\"@id\":\"https:\/\/www.globaltraducciones.com.pe\/en\/interpretaciones\/#primaryimage\"},\"thumbnailUrl\":\"https:\/\/www.globaltraducciones.com.pe\/wp-content\/uploads\/2021\/11\/interpretation.jpg\",\"datePublished\":\"2021-12-08T17:29:25+00:00\",\"dateModified\":\"2021-12-10T17:33:34+00:00\",\"breadcrumb\":{\"@id\":\"https:\/\/www.globaltraducciones.com.pe\/en\/interpretaciones\/#breadcrumb\"},\"inLanguage\":\"en-US\",\"potentialAction\":[{\"@type\":\"ReadAction\",\"target\":[\"https:\/\/www.globaltraducciones.com.pe\/en\/interpretaciones\/\"]}]},{\"@type\":\"ImageObject\",\"inLanguage\":\"en-US\",\"@id\":\"https:\/\/www.globaltraducciones.com.pe\/en\/interpretaciones\/#primaryimage\",\"url\":\"https:\/\/www.globaltraducciones.com.pe\/wp-content\/uploads\/2021\/11\/interpretation.jpg\",\"contentUrl\":\"https:\/\/www.globaltraducciones.com.pe\/wp-content\/uploads\/2021\/11\/interpretation.jpg\"},{\"@type\":\"BreadcrumbList\",\"@id\":\"https:\/\/www.globaltraducciones.com.pe\/en\/interpretaciones\/#breadcrumb\",\"itemListElement\":[{\"@type\":\"ListItem\",\"position\":1,\"name\":\"Portada\",\"item\":\"https:\/\/www.globaltraducciones.com.pe\/\"},{\"@type\":\"ListItem\",\"position\":2,\"name\":\"Interpretaciones\"}]},{\"@type\":\"WebSite\",\"@id\":\"https:\/\/www.globaltraducciones.com.pe\/#website\",\"url\":\"https:\/\/www.globaltraducciones.com.pe\/\",\"name\":\"Global Translation\",\"description\":\"Traducciones Certificadas en Lima\",\"potentialAction\":[{\"@type\":\"SearchAction\",\"target\":{\"@type\":\"EntryPoint\",\"urlTemplate\":\"https:\/\/www.globaltraducciones.com.pe\/?s={search_term_string}\"},\"query-input\":{\"@type\":\"PropertyValueSpecification\",\"valueRequired\":true,\"valueName\":\"search_term_string\"}}],\"inLanguage\":\"en-US\"}]}<\/script>\n<!-- \/ Yoast SEO plugin. -->","yoast_head_json":{"title":"Interpretaciones - Global Translation","robots":{"index":"index","follow":"follow","max-snippet":"max-snippet:-1","max-image-preview":"max-image-preview:large","max-video-preview":"max-video-preview:-1"},"canonical":"https:\/\/www.globaltraducciones.com.pe\/en\/interpretaciones\/","og_locale":"en_US","og_type":"article","og_title":"Interpretaciones - Global Translation","og_description":"INTERPRETACIONES INTERPRETACI\u00d3N SIMULT\u00c1NEA VER M\u00c1S INTERPRETACI\u00d3N CONSECUTIVA VER M\u00c1S INTERPRETACI\u00d3N DE ENLACE VER M\u00c1S","og_url":"https:\/\/www.globaltraducciones.com.pe\/en\/interpretaciones\/","og_site_name":"Global Translation","article_modified_time":"2021-12-10T17:33:34+00:00","og_image":[{"url":"https:\/\/www.globaltraducciones.com.pe\/wp-content\/uploads\/2021\/11\/interpretation.jpg","type":"","width":"","height":""}],"twitter_card":"summary_large_image","schema":{"@context":"https:\/\/schema.org","@graph":[{"@type":"WebPage","@id":"https:\/\/www.globaltraducciones.com.pe\/en\/interpretaciones\/","url":"https:\/\/www.globaltraducciones.com.pe\/en\/interpretaciones\/","name":"Interpretaciones - Global Translation","isPartOf":{"@id":"https:\/\/www.globaltraducciones.com.pe\/#website"},"primaryImageOfPage":{"@id":"https:\/\/www.globaltraducciones.com.pe\/en\/interpretaciones\/#primaryimage"},"image":{"@id":"https:\/\/www.globaltraducciones.com.pe\/en\/interpretaciones\/#primaryimage"},"thumbnailUrl":"https:\/\/www.globaltraducciones.com.pe\/wp-content\/uploads\/2021\/11\/interpretation.jpg","datePublished":"2021-12-08T17:29:25+00:00","dateModified":"2021-12-10T17:33:34+00:00","breadcrumb":{"@id":"https:\/\/www.globaltraducciones.com.pe\/en\/interpretaciones\/#breadcrumb"},"inLanguage":"en-US","potentialAction":[{"@type":"ReadAction","target":["https:\/\/www.globaltraducciones.com.pe\/en\/interpretaciones\/"]}]},{"@type":"ImageObject","inLanguage":"en-US","@id":"https:\/\/www.globaltraducciones.com.pe\/en\/interpretaciones\/#primaryimage","url":"https:\/\/www.globaltraducciones.com.pe\/wp-content\/uploads\/2021\/11\/interpretation.jpg","contentUrl":"https:\/\/www.globaltraducciones.com.pe\/wp-content\/uploads\/2021\/11\/interpretation.jpg"},{"@type":"BreadcrumbList","@id":"https:\/\/www.globaltraducciones.com.pe\/en\/interpretaciones\/#breadcrumb","itemListElement":[{"@type":"ListItem","position":1,"name":"Portada","item":"https:\/\/www.globaltraducciones.com.pe\/"},{"@type":"ListItem","position":2,"name":"Interpretaciones"}]},{"@type":"WebSite","@id":"https:\/\/www.globaltraducciones.com.pe\/#website","url":"https:\/\/www.globaltraducciones.com.pe\/","name":"Global Translation","description":"Traducciones Certificadas en Lima","potentialAction":[{"@type":"SearchAction","target":{"@type":"EntryPoint","urlTemplate":"https:\/\/www.globaltraducciones.com.pe\/?s={search_term_string}"},"query-input":{"@type":"PropertyValueSpecification","valueRequired":true,"valueName":"search_term_string"}}],"inLanguage":"en-US"}]}},"_links":{"self":[{"href":"https:\/\/www.globaltraducciones.com.pe\/en\/wp-json\/wp\/v2\/pages\/2518"}],"collection":[{"href":"https:\/\/www.globaltraducciones.com.pe\/en\/wp-json\/wp\/v2\/pages"}],"about":[{"href":"https:\/\/www.globaltraducciones.com.pe\/en\/wp-json\/wp\/v2\/types\/page"}],"author":[{"embeddable":true,"href":"https:\/\/www.globaltraducciones.com.pe\/en\/wp-json\/wp\/v2\/users\/1"}],"replies":[{"embeddable":true,"href":"https:\/\/www.globaltraducciones.com.pe\/en\/wp-json\/wp\/v2\/comments?post=2518"}],"version-history":[{"count":19,"href":"https:\/\/www.globaltraducciones.com.pe\/en\/wp-json\/wp\/v2\/pages\/2518\/revisions"}],"predecessor-version":[{"id":2592,"href":"https:\/\/www.globaltraducciones.com.pe\/en\/wp-json\/wp\/v2\/pages\/2518\/revisions\/2592"}],"wp:attachment":[{"href":"https:\/\/www.globaltraducciones.com.pe\/en\/wp-json\/wp\/v2\/media?parent=2518"}],"curies":[{"name":"wp","href":"https:\/\/api.w.org\/{rel}","templated":true}]}}